{"id":107,"date":"2023-05-29T16:29:35","date_gmt":"2023-05-29T15:29:35","guid":{"rendered":"https:\/\/mbhometal.com\/?page_id=107"},"modified":"2023-06-05T12:33:21","modified_gmt":"2023-06-05T11:33:21","slug":"barbacoas","status":"publish","type":"page","link":"https:\/\/mbhometal.com\/en\/barbacoas\/","title":{"rendered":"Barbacoas"},"content":{"rendered":"<p><div class=\"fusion-fullwidth fullwidth-box fusion-builder-row-1 fusion-flex-container has-pattern-background has-mask-background fusion-parallax-none nonhundred-percent-fullwidth non-hundred-percent-height-scrolling\" style=\"--awb-background-position:center bottom;--awb-border-radius-top-left:0px;--awb-border-radius-top-right:0px;--awb-border-radius-bottom-right:0px;--awb-border-radius-bottom-left:0px;--awb-padding-top:1%;--awb-padding-bottom:1%;--awb-min-height:350px;--awb-background-image:linear-gradient(180deg, rgba(255,255,255,0) 0%,hsla(var(--awb-color8-h),var(--awb-color8-s),var(--awb-color8-l),calc(var(--awb-color8-a) - 20%)) 100%),url(https:\/\/mbhometal.com\/wp-content\/uploads\/parrillas-gallegas.jpg);;--awb-background-size:cover;\" ><div class=\"fusion-builder-row fusion-row fusion-flex-align-items-flex-start fusion-flex-align-content-flex-end\" style=\"max-width:1430px;margin-left: calc(-4% \/ 2 );margin-right: calc(-4% \/ 2 );\"><div class=\"fusion-layout-column fusion_builder_column fusion-builder-column-0 fusion_builder_column_1_1 1_1 fusion-flex-column\" style=\"--awb-bg-size:cover;--awb-width-large:100%;--awb-margin-top-large:0px;--awb-spacing-right-large:1.92%;--awb-margin-bottom-large:0px;--awb-spacing-left-large:1.92%;--awb-width-medium:100%;--awb-order-medium:0;--awb-spacing-right-medium:1.92%;--awb-spacing-left-medium:1.92%;--awb-width-small:100%;--awb-order-small:0;--awb-spacing-right-small:1.92%;--awb-spacing-left-small:1.92%;\"><div class=\"fusion-column-wrapper fusion-column-has-shadow fusion-flex-justify-content-flex-start fusion-content-layout-column\"><div class=\"fusion-title title fusion-title-1 fusion-sep-none fusion-title-text fusion-title-size-one\" style=\"--awb-text-color:var(--awb-color1);--awb-margin-top:20px;--awb-margin-top-small:15px;\"><h1 class=\"title-heading-left fusion-responsive-typography-calculated\" style=\"margin:0;--fontSize:76;line-height:var(--awb-typography1-line-height);\">Fabricamos barbacoas de acero inoxidable<\/h1><\/div><\/div><\/div><\/div><\/div><div class=\"fusion-fullwidth fullwidth-box fusion-builder-row-2 fusion-flex-container has-pattern-background has-mask-background nonhundred-percent-fullwidth non-hundred-percent-height-scrolling\" style=\"--awb-border-radius-top-left:0px;--awb-border-radius-top-right:0px;--awb-border-radius-bottom-right:0px;--awb-border-radius-bottom-left:0px;\" ><div class=\"fusion-builder-row fusion-row fusion-flex-align-items-flex-start fusion-flex-justify-content-center\" style=\"max-width:1430px;margin-left: calc(-4% \/ 2 );margin-right: calc(-4% \/ 2 );\"><div class=\"fusion-layout-column fusion_builder_column fusion-builder-column-1 fusion_builder_column_2_3 2_3 fusion-flex-column fusion-animated\" style=\"--awb-bg-size:cover;--awb-width-large:66.666666666667%;--awb-margin-top-large:0px;--awb-spacing-right-large:2.88%;--awb-margin-bottom-large:0px;--awb-spacing-left-large:2.88%;--awb-width-medium:100%;--awb-order-medium:0;--awb-spacing-right-medium:1.92%;--awb-spacing-left-medium:1.92%;--awb-width-small:100%;--awb-order-small:0;--awb-spacing-right-small:1.92%;--awb-spacing-left-small:1.92%;\" data-animationtype=\"slideInDown\" data-animationduration=\"0.3\" data-animationoffset=\"top-into-view\"><div class=\"fusion-column-wrapper fusion-column-has-shadow fusion-flex-justify-content-flex-start fusion-content-layout-column\"><div class=\"fusion-slider-sc\"><div class=\"fusion-flexslider-loading flexslider fusion-aligncenter flexslider-hover-type-liftup\" data-slideshow_autoplay=\"1\" data-slideshow_smooth_height=\"0\" data-slideshow_speed=\"3000\" style=\"max-width:100%;height:100%;\"><ul class=\"slides\"><li class=\"image\"><span class=\"fusion-image-hover-element hover-type-liftup\"><img decoding=\"async\" src=\"https:\/\/mbhometal.com\/wp-content\/uploads\/parrilla-acero-inoxidable.jpg\" alt=\"Parrilla fabricada en acero inoxidable\" width=\"815\" height=\"544\" class=\"wp-image-383\" srcset=\"https:\/\/mbhometal.com\/wp-content\/uploads\/parrilla-acero-inoxidable-200x133.jpg 200w, https:\/\/mbhometal.com\/wp-content\/uploads\/parrilla-acero-inoxidable-400x267.jpg 400w, https:\/\/mbhometal.com\/wp-content\/uploads\/parrilla-acero-inoxidable-600x400.jpg 600w, https:\/\/mbhometal.com\/wp-content\/uploads\/parrilla-acero-inoxidable-800x534.jpg 800w, https:\/\/mbhometal.com\/wp-content\/uploads\/parrilla-acero-inoxidable.jpg 815w\" sizes=\"(max-width: 640px) 100vw, 815px\" \/><\/span><\/li><li class=\"image\"><span class=\"fusion-image-hover-element hover-type-liftup\"><img decoding=\"async\" src=\"https:\/\/mbhometal.com\/wp-content\/uploads\/fabrica-barbacoas-carnota.jpg\" alt=\"F\u00e1brica de Barbacoas en Carnota\" width=\"1313\" height=\"876\" class=\"wp-image-391\" srcset=\"https:\/\/mbhometal.com\/wp-content\/uploads\/fabrica-barbacoas-carnota-200x133.jpg 200w, https:\/\/mbhometal.com\/wp-content\/uploads\/fabrica-barbacoas-carnota-400x267.jpg 400w, https:\/\/mbhometal.com\/wp-content\/uploads\/fabrica-barbacoas-carnota-600x400.jpg 600w, https:\/\/mbhometal.com\/wp-content\/uploads\/fabrica-barbacoas-carnota-800x534.jpg 800w, https:\/\/mbhometal.com\/wp-content\/uploads\/fabrica-barbacoas-carnota-1200x801.jpg 1200w, https:\/\/mbhometal.com\/wp-content\/uploads\/fabrica-barbacoas-carnota.jpg 1313w\" sizes=\"(max-width: 640px) 100vw, 1200px\" \/><\/span><\/li><\/ul><\/div><\/div><\/div><\/div><div class=\"fusion-layout-column fusion_builder_column fusion-builder-column-2 fusion_builder_column_1_1 1_1 fusion-flex-column fusion-animated\" style=\"--awb-padding-right:0px;--awb-padding-right-medium:0px;--awb-padding-right-small:0px;--awb-bg-size:cover;--awb-width-large:100%;--awb-margin-top-large:0px;--awb-spacing-right-large:1.92%;--awb-margin-bottom-large:0px;--awb-spacing-left-large:1.92%;--awb-width-medium:100%;--awb-order-medium:0;--awb-spacing-right-medium:1.92%;--awb-margin-bottom-medium:30px;--awb-spacing-left-medium:1.92%;--awb-width-small:100%;--awb-order-small:0;--awb-spacing-right-small:1.92%;--awb-margin-bottom-small:30px;--awb-spacing-left-small:1.92%;\" data-animationtype=\"slideInLeft\" data-animationduration=\"0.3\" data-animationoffset=\"top-into-view\"><div class=\"fusion-column-wrapper fusion-column-has-shadow fusion-flex-justify-content-flex-start fusion-content-layout-column\"><div class=\"fusion-title title fusion-title-2 fusion-sep-none fusion-title-center fusion-title-text fusion-title-size-two\"><h2 class=\"title-heading-center fusion-responsive-typography-calculated\" style=\"margin:0;--fontSize:76;line-height:var(--awb-typography1-line-height);\">Fabricaci\u00f3n de parrillas 100% Gallega<\/h2><\/div><div class=\"fusion-separator fusion-full-width-sep\" style=\"align-self: center;margin-left: auto;margin-right: auto;margin-top:40px;width:100%;\"><\/div><\/div><\/div><div class=\"fusion-layout-column fusion_builder_column fusion-builder-column-3 fusion_builder_column_1_2 1_2 fusion-flex-column fusion-animated\" style=\"--awb-padding-right:0px;--awb-padding-right-medium:0px;--awb-padding-right-small:0px;--awb-bg-size:cover;--awb-width-large:50%;--awb-margin-top-large:0px;--awb-spacing-right-large:3.84%;--awb-margin-bottom-large:0px;--awb-spacing-left-large:3.84%;--awb-width-medium:100%;--awb-order-medium:0;--awb-spacing-right-medium:1.92%;--awb-margin-bottom-medium:30px;--awb-spacing-left-medium:1.92%;--awb-width-small:100%;--awb-order-small:0;--awb-spacing-right-small:1.92%;--awb-margin-bottom-small:30px;--awb-spacing-left-small:1.92%;\" data-animationtype=\"slideInLeft\" data-animationduration=\"0.3\" data-animationoffset=\"top-into-view\"><div class=\"fusion-column-wrapper fusion-column-has-shadow fusion-flex-justify-content-flex-start fusion-content-layout-column\"><div class=\"fusion-title title fusion-title-3 fusion-sep-none fusion-title-text fusion-title-size-three\"><h3 class=\"title-heading-left fusion-responsive-typography-calculated\" style=\"margin:0;--fontSize:36;line-height:var(--awb-typography1-line-height);\">Dise\u00f1o a tu gusto<\/h3><\/div><div class=\"fusion-text fusion-text-1\"><p>Fabricamos tu parrilla a medida, podr\u00e1s seleccionar medidas, materiales a utilizar, en acero calibrado o realizada con perfiles en V. Implementamos recoge grasas en todas nuestras barbacoas para que no se provoquen llamas repentinas que quemen el exterior de nuestros alimentos.<\/p>\n<\/div><div class=\"fusion-separator fusion-full-width-sep\" style=\"align-self: center;margin-left: auto;margin-right: auto;margin-top:40px;width:100%;\"><\/div><div class=\"fusion-title title fusion-title-4 fusion-sep-none fusion-title-text fusion-title-size-three\"><h3 class=\"title-heading-left fusion-responsive-typography-calculated\" style=\"margin:0;--fontSize:36;line-height:var(--awb-typography1-line-height);\">Material resistente al \u00f3xido<\/h3><\/div><div class=\"fusion-text fusion-text-2\"><p>Nuestras barbacoas tienen una gran resistencia al \u00f3xido y corrosi\u00f3n gracias al acero inoxidable, el mejor material con el que se puede fabricar una parrilla y que aporta grandes ventajas a nuestro brasero.<\/p>\n<\/div><div class=\"fusion-separator fusion-full-width-sep\" style=\"align-self: center;margin-left: auto;margin-right: auto;margin-top:40px;width:100%;\"><\/div><div class=\"fusion-title title fusion-title-5 fusion-sep-none fusion-title-text fusion-title-size-three\"><h3 class=\"title-heading-left fusion-responsive-typography-calculated\" style=\"margin:0;--fontSize:36;line-height:var(--awb-typography1-line-height);\">Estructuras s\u00f3lidas<\/h3><\/div><div class=\"fusion-text fusion-text-3\"><p>Realizamos dise\u00f1os robustos y s\u00f3lidos en nuestras parrillas de carb\u00f3n y le\u00f1a. Estructuras tubulares o angulares, movibles gracias a sus resistentes ruedas.<\/p>\n<\/div><\/div><\/div><div class=\"fusion-layout-column fusion_builder_column fusion-builder-column-4 fusion_builder_column_1_2 1_2 fusion-flex-column fusion-animated\" style=\"--awb-padding-right:0px;--awb-padding-right-medium:0px;--awb-padding-right-small:0px;--awb-bg-size:cover;--awb-width-large:50%;--awb-margin-top-large:0px;--awb-spacing-right-large:3.84%;--awb-margin-bottom-large:0px;--awb-spacing-left-large:3.84%;--awb-width-medium:100%;--awb-order-medium:0;--awb-spacing-right-medium:1.92%;--awb-margin-bottom-medium:30px;--awb-spacing-left-medium:1.92%;--awb-width-small:100%;--awb-order-small:0;--awb-spacing-right-small:1.92%;--awb-margin-bottom-small:30px;--awb-spacing-left-small:1.92%;\" data-animationtype=\"slideInLeft\" data-animationduration=\"0.3\" data-animationoffset=\"top-into-view\"><div class=\"fusion-column-wrapper fusion-column-has-shadow fusion-flex-justify-content-flex-start fusion-content-layout-column\"><div class=\"fusion-title title fusion-title-6 fusion-sep-none fusion-title-text fusion-title-size-three\"><h3 class=\"title-heading-left fusion-responsive-typography-calculated\" style=\"margin:0;--fontSize:36;line-height:var(--awb-typography1-line-height);\">Fabricaci\u00f3n a medida<\/h3><\/div><div class=\"fusion-text fusion-text-4\"><p>Podemos fabricar una barbacoa para el sitio que tu elijas, a\u00f1adirle una plancha, ideal para asar pescados o mariscos, perfectamente integrable en tu jard\u00edn o terraza y siempre con las mejores caracter\u00edsticas y prestaciones.<\/p>\n<\/div><div class=\"fusion-separator fusion-full-width-sep\" style=\"align-self: center;margin-left: auto;margin-right: auto;margin-top:40px;width:100%;\"><\/div><div class=\"fusion-title title fusion-title-7 fusion-sep-none fusion-title-text fusion-title-size-three\"><h3 class=\"title-heading-left fusion-responsive-typography-calculated\" style=\"margin:0;--fontSize:36;line-height:var(--awb-typography1-line-height);\">Para tu negocio de hosteler\u00eda<\/h3><\/div><div class=\"fusion-text fusion-text-5\"><p>Creamos una gran variedad de barbacoas, modulares, totalmente desmontables para facilitar su limpieza, con cuna de ladrillos refractarios de alta densidad, con sistema de elevaci\u00f3n el\u00e9ctrico accionable mediante botones y con todo lo necesario para tu negocio.<\/p>\n<\/div><div class=\"fusion-separator fusion-full-width-sep\" style=\"align-self: center;margin-left: auto;margin-right: auto;margin-top:40px;width:100%;\"><\/div><div class=\"fusion-title title fusion-title-8 fusion-sep-none fusion-title-text fusion-title-size-three\"><h3 class=\"title-heading-left fusion-responsive-typography-calculated\" style=\"margin:0;--fontSize:36;line-height:var(--awb-typography1-line-height);\">Calidad superior<\/h3><\/div><div class=\"fusion-text fusion-text-6\"><p>El inox alimentario nos asegura que no encontraremos ninguna part\u00edcula de \u00f3xido el nuestros alimentos. Este material llega r\u00e1pidamente a altas temperaturas, lo que facilita la cocci\u00f3n sana y sabrosa de carnes y pescados.<\/p>\n<\/div><\/div><\/div><div class=\"fusion-layout-column fusion_builder_column fusion-builder-column-5 fusion_builder_column_1_1 1_1 fusion-flex-column fusion-animated\" style=\"--awb-padding-right:0px;--awb-padding-right-medium:0px;--awb-padding-right-small:0px;--awb-bg-size:cover;--awb-width-large:100%;--awb-margin-top-large:0px;--awb-spacing-right-large:1.92%;--awb-margin-bottom-large:0px;--awb-spacing-left-large:1.92%;--awb-width-medium:100%;--awb-order-medium:0;--awb-spacing-right-medium:1.92%;--awb-margin-bottom-medium:30px;--awb-spacing-left-medium:1.92%;--awb-width-small:100%;--awb-order-small:0;--awb-spacing-right-small:1.92%;--awb-margin-bottom-small:30px;--awb-spacing-left-small:1.92%;\" data-animationtype=\"slideInLeft\" data-animationduration=\"0.3\" data-animationoffset=\"top-into-view\"><div class=\"fusion-column-wrapper fusion-column-has-shadow fusion-flex-justify-content-flex-start fusion-content-layout-column\"><div class=\"fusion-separator fusion-full-width-sep\" style=\"align-self: center;margin-left: auto;margin-right: auto;margin-top:40px;width:100%;\"><\/div><div ><a class=\"fusion-button button-flat button-xlarge button-custom fusion-button-default button-1 fusion-button-span-yes fusion-button-default-type\" style=\"--button_accent_color:var(--awb-color1);--button_accent_hover_color:var(--awb-color8);--button_border_hover_color:var(--awb-color8);--button_gradient_top_color:var(--awb-color8);--button_gradient_bottom_color:var(--awb-color8);--button_gradient_top_color_hover:var(--awb-color1);--button_gradient_bottom_color_hover:var(--awb-color1);\" target=\"_self\" href=\"https:\/\/mbhometal.com\/en\/contacto\/\"><span class=\"fusion-button-text\">Ponte en contacto con nosotros<\/span><\/a><\/div><\/div><\/div><\/div><\/div><\/p>","protected":false},"excerpt":{"rendered":"","protected":false},"author":1,"featured_media":0,"parent":0,"menu_order":0,"comment_status":"closed","ping_status":"closed","template":"100-width.php","meta":{"footnotes":""},"class_list":["post-107","page","type-page","status-publish","hentry"],"yoast_head":"<!-- This site is optimized with the Yoast SEO plugin v25.9 - https:\/\/yoast.com\/wordpress\/plugins\/seo\/ -->\n<title>Barbacoas fabricadas en Galicia | MBHO<\/title>\n<meta name=\"description\" content=\"Fabricamos la barbacoa con la que siempre has so\u00f1ado, en acero inoxidable, para obtener una gran resistencia y durabilidad.\" \/>\n<meta name=\"robots\" content=\"index, follow, max-snippet:-1, max-image-preview:large, max-video-preview:-1\" \/>\n<link rel=\"canonical\" href=\"https:\/\/mbhometal.com\/en\/barbacoas\/\" \/>\n<meta property=\"og:locale\" content=\"en_GB\" \/>\n<meta property=\"og:type\" content=\"article\" \/>\n<meta property=\"og:title\" content=\"Barbacoas fabricadas en Galicia | MBHO\" \/>\n<meta property=\"og:description\" content=\"Fabricamos la barbacoa con la que siempre has so\u00f1ado, en acero inoxidable, para obtener una gran resistencia y durabilidad.\" \/>\n<meta property=\"og:url\" content=\"https:\/\/mbhometal.com\/en\/barbacoas\/\" \/>\n<meta property=\"og:site_name\" content=\"MBHO\" \/>\n<meta property=\"article:modified_time\" content=\"2023-06-05T11:33:21+00:00\" \/>\n<meta name=\"twitter:card\" content=\"summary_large_image\" \/>\n<meta name=\"twitter:label1\" content=\"Estimated reading time\" \/>\n\t<meta name=\"twitter:data1\" content=\"6 minutes\" \/>\n<script type=\"application\/ld+json\" class=\"yoast-schema-graph\">{\"@context\":\"https:\/\/schema.org\",\"@graph\":[{\"@type\":\"WebPage\",\"@id\":\"https:\/\/mbhometal.com\/barbacoas\/\",\"url\":\"https:\/\/mbhometal.com\/barbacoas\/\",\"name\":\"Barbacoas fabricadas en Galicia | MBHO\",\"isPartOf\":{\"@id\":\"https:\/\/mbhometal.com\/#website\"},\"datePublished\":\"2023-05-29T15:29:35+00:00\",\"dateModified\":\"2023-06-05T11:33:21+00:00\",\"description\":\"Fabricamos la barbacoa con la que siempre has so\u00f1ado, en acero inoxidable, para obtener una gran resistencia y durabilidad.\",\"breadcrumb\":{\"@id\":\"https:\/\/mbhometal.com\/barbacoas\/#breadcrumb\"},\"inLanguage\":\"en-GB\",\"potentialAction\":[{\"@type\":\"ReadAction\",\"target\":[\"https:\/\/mbhometal.com\/barbacoas\/\"]}]},{\"@type\":\"BreadcrumbList\",\"@id\":\"https:\/\/mbhometal.com\/barbacoas\/#breadcrumb\",\"itemListElement\":[{\"@type\":\"ListItem\",\"position\":1,\"name\":\"Portada\",\"item\":\"https:\/\/mbhometal.com\/\"},{\"@type\":\"ListItem\",\"position\":2,\"name\":\"Barbacoas\"}]},{\"@type\":\"WebSite\",\"@id\":\"https:\/\/mbhometal.com\/#website\",\"url\":\"https:\/\/mbhometal.com\/\",\"name\":\"MBHO\",\"description\":\"Carpinter\u00eda Met\u00e1lica y de Aluminio en Carnota, A Coru\u00f1a\",\"alternateName\":\"MBHO Metal\",\"potentialAction\":[{\"@type\":\"SearchAction\",\"target\":{\"@type\":\"EntryPoint\",\"urlTemplate\":\"https:\/\/mbhometal.com\/?s={search_term_string}\"},\"query-input\":{\"@type\":\"PropertyValueSpecification\",\"valueRequired\":true,\"valueName\":\"search_term_string\"}}],\"inLanguage\":\"en-GB\"}]}<\/script>\n<!-- \/ Yoast SEO plugin. -->","yoast_head_json":{"title":"Barbacoas fabricadas en Galicia | MBHO","description":"Fabricamos la barbacoa con la que siempre has so\u00f1ado, en acero inoxidable, para obtener una gran resistencia y durabilidad.","robots":{"index":"index","follow":"follow","max-snippet":"max-snippet:-1","max-image-preview":"max-image-preview:large","max-video-preview":"max-video-preview:-1"},"canonical":"https:\/\/mbhometal.com\/en\/barbacoas\/","og_locale":"en_GB","og_type":"article","og_title":"Barbacoas fabricadas en Galicia | MBHO","og_description":"Fabricamos la barbacoa con la que siempre has so\u00f1ado, en acero inoxidable, para obtener una gran resistencia y durabilidad.","og_url":"https:\/\/mbhometal.com\/en\/barbacoas\/","og_site_name":"MBHO","article_modified_time":"2023-06-05T11:33:21+00:00","twitter_card":"summary_large_image","twitter_misc":{"Estimated reading time":"6 minutes"},"schema":{"@context":"https:\/\/schema.org","@graph":[{"@type":"WebPage","@id":"https:\/\/mbhometal.com\/barbacoas\/","url":"https:\/\/mbhometal.com\/barbacoas\/","name":"Barbacoas fabricadas en Galicia | MBHO","isPartOf":{"@id":"https:\/\/mbhometal.com\/#website"},"datePublished":"2023-05-29T15:29:35+00:00","dateModified":"2023-06-05T11:33:21+00:00","description":"Fabricamos la barbacoa con la que siempre has so\u00f1ado, en acero inoxidable, para obtener una gran resistencia y durabilidad.","breadcrumb":{"@id":"https:\/\/mbhometal.com\/barbacoas\/#breadcrumb"},"inLanguage":"en-GB","potentialAction":[{"@type":"ReadAction","target":["https:\/\/mbhometal.com\/barbacoas\/"]}]},{"@type":"BreadcrumbList","@id":"https:\/\/mbhometal.com\/barbacoas\/#breadcrumb","itemListElement":[{"@type":"ListItem","position":1,"name":"Portada","item":"https:\/\/mbhometal.com\/"},{"@type":"ListItem","position":2,"name":"Barbacoas"}]},{"@type":"WebSite","@id":"https:\/\/mbhometal.com\/#website","url":"https:\/\/mbhometal.com\/","name":"MBHO","description":"Carpinter\u00eda Met\u00e1lica y de Aluminio en Carnota, A Coru\u00f1a","alternateName":"MBHO Metal","potentialAction":[{"@type":"SearchAction","target":{"@type":"EntryPoint","urlTemplate":"https:\/\/mbhometal.com\/?s={search_term_string}"},"query-input":{"@type":"PropertyValueSpecification","valueRequired":true,"valueName":"search_term_string"}}],"inLanguage":"en-GB"}]}},"_links":{"self":[{"href":"https:\/\/mbhometal.com\/en\/wp-json\/wp\/v2\/pages\/107","targetHints":{"allow":["GET"]}}],"collection":[{"href":"https:\/\/mbhometal.com\/en\/wp-json\/wp\/v2\/pages"}],"about":[{"href":"https:\/\/mbhometal.com\/en\/wp-json\/wp\/v2\/types\/page"}],"author":[{"embeddable":true,"href":"https:\/\/mbhometal.com\/en\/wp-json\/wp\/v2\/users\/1"}],"replies":[{"embeddable":true,"href":"https:\/\/mbhometal.com\/en\/wp-json\/wp\/v2\/comments?post=107"}],"version-history":[{"count":10,"href":"https:\/\/mbhometal.com\/en\/wp-json\/wp\/v2\/pages\/107\/revisions"}],"predecessor-version":[{"id":393,"href":"https:\/\/mbhometal.com\/en\/wp-json\/wp\/v2\/pages\/107\/revisions\/393"}],"wp:attachment":[{"href":"https:\/\/mbhometal.com\/en\/wp-json\/wp\/v2\/media?parent=107"}],"curies":[{"name":"wp","href":"https:\/\/api.w.org\/{rel}","templated":true}]}}