{"id":129,"date":"2023-05-29T17:32:20","date_gmt":"2023-05-29T16:32:20","guid":{"rendered":"https:\/\/mbhometal.com\/?page_id=129"},"modified":"2023-06-05T15:29:57","modified_gmt":"2023-06-05T14:29:57","slug":"carpinteria-metalica","status":"publish","type":"page","link":"https:\/\/mbhometal.com\/en\/carpinteria-metalica\/","title":{"rendered":"Carpinter\u00eda Met\u00e1lica"},"content":{"rendered":"<p><div class=\"fusion-fullwidth fullwidth-box fusion-builder-row-1 fusion-flex-container has-pattern-background has-mask-background fusion-parallax-none nonhundred-percent-fullwidth non-hundred-percent-height-scrolling\" style=\"--awb-background-position:center bottom;--awb-border-radius-top-left:0px;--awb-border-radius-top-right:0px;--awb-border-radius-bottom-right:0px;--awb-border-radius-bottom-left:0px;--awb-padding-top:1%;--awb-padding-bottom:1%;--awb-min-height:350px;--awb-background-image:linear-gradient(180deg, rgba(255,255,255,0) 0%,hsla(var(--awb-color8-h),var(--awb-color8-s),var(--awb-color8-l),calc(var(--awb-color8-a) - 20%)) 100%),url(https:\/\/mbhometal.com\/wp-content\/uploads\/taller-soldadura-carnota.jpg);;--awb-background-size:cover;\" ><div class=\"fusion-builder-row fusion-row fusion-flex-align-items-flex-start fusion-flex-align-content-flex-end\" style=\"max-width:1430px;margin-left: calc(-4% \/ 2 );margin-right: calc(-4% \/ 2 );\"><div class=\"fusion-layout-column fusion_builder_column fusion-builder-column-0 fusion_builder_column_1_1 1_1 fusion-flex-column\" style=\"--awb-bg-size:cover;--awb-width-large:100%;--awb-margin-top-large:0px;--awb-spacing-right-large:1.92%;--awb-margin-bottom-large:0px;--awb-spacing-left-large:1.92%;--awb-width-medium:100%;--awb-order-medium:0;--awb-spacing-right-medium:1.92%;--awb-spacing-left-medium:1.92%;--awb-width-small:100%;--awb-order-small:0;--awb-spacing-right-small:1.92%;--awb-spacing-left-small:1.92%;\"><div class=\"fusion-column-wrapper fusion-column-has-shadow fusion-flex-justify-content-flex-start fusion-content-layout-column\"><div class=\"fusion-title title fusion-title-1 fusion-sep-none fusion-title-text fusion-title-size-one\" style=\"--awb-text-color:var(--awb-color1);--awb-margin-top:20px;--awb-margin-top-small:15px;\"><h1 class=\"title-heading-left fusion-responsive-typography-calculated\" style=\"margin:0;--fontSize:76;line-height:var(--awb-typography1-line-height);\">Carpinter\u00eda met\u00e1lica y de aluminio<\/h1><\/div><\/div><\/div><\/div><\/div><div class=\"fusion-fullwidth fullwidth-box fusion-builder-row-2 fusion-flex-container has-pattern-background has-mask-background nonhundred-percent-fullwidth non-hundred-percent-height-scrolling\" style=\"--awb-border-radius-top-left:0px;--awb-border-radius-top-right:0px;--awb-border-radius-bottom-right:0px;--awb-border-radius-bottom-left:0px;\" ><div class=\"fusion-builder-row fusion-row fusion-flex-align-items-flex-start fusion-flex-justify-content-center\" style=\"max-width:1430px;margin-left: calc(-4% \/ 2 );margin-right: calc(-4% \/ 2 );\"><div class=\"fusion-layout-column fusion_builder_column fusion-builder-column-1 fusion_builder_column_2_3 2_3 fusion-flex-column fusion-animated\" style=\"--awb-bg-size:cover;--awb-width-large:66.666666666667%;--awb-margin-top-large:0px;--awb-spacing-right-large:2.88%;--awb-margin-bottom-large:0px;--awb-spacing-left-large:2.88%;--awb-width-medium:100%;--awb-order-medium:0;--awb-spacing-right-medium:1.92%;--awb-spacing-left-medium:1.92%;--awb-width-small:100%;--awb-order-small:0;--awb-spacing-right-small:1.92%;--awb-spacing-left-small:1.92%;\" data-animationtype=\"slideInDown\" data-animationduration=\"0.3\" data-animationoffset=\"top-into-view\"><div class=\"fusion-column-wrapper fusion-column-has-shadow fusion-flex-justify-content-flex-start fusion-content-layout-column\"><\/div><\/div><div class=\"fusion-layout-column fusion_builder_column fusion-builder-column-2 fusion_builder_column_1_1 1_1 fusion-flex-column fusion-animated\" style=\"--awb-padding-right:0px;--awb-padding-right-medium:0px;--awb-padding-right-small:0px;--awb-bg-size:cover;--awb-width-large:100%;--awb-margin-top-large:0px;--awb-spacing-right-large:1.92%;--awb-margin-bottom-large:0px;--awb-spacing-left-large:1.92%;--awb-width-medium:100%;--awb-order-medium:0;--awb-spacing-right-medium:1.92%;--awb-margin-bottom-medium:30px;--awb-spacing-left-medium:1.92%;--awb-width-small:100%;--awb-order-small:0;--awb-spacing-right-small:1.92%;--awb-margin-bottom-small:30px;--awb-spacing-left-small:1.92%;\" data-animationtype=\"slideInLeft\" data-animationduration=\"0.3\" data-animationoffset=\"top-into-view\"><div class=\"fusion-column-wrapper fusion-column-has-shadow fusion-flex-justify-content-flex-start fusion-content-layout-column\"><div class=\"fusion-title title fusion-title-2 fusion-sep-none fusion-title-center fusion-title-text fusion-title-size-two\"><h2 class=\"title-heading-center fusion-responsive-typography-calculated\" style=\"margin:0;--fontSize:76;line-height:var(--awb-typography1-line-height);\">Taller de soldadura certificado<\/h2><\/div><div class=\"fusion-separator fusion-full-width-sep\" style=\"align-self: center;margin-left: auto;margin-right: auto;margin-top:40px;width:100%;\"><\/div><\/div><\/div><div class=\"fusion-layout-column fusion_builder_column fusion-builder-column-3 fusion_builder_column_1_2 1_2 fusion-flex-column fusion-animated\" style=\"--awb-padding-right:0px;--awb-padding-right-medium:0px;--awb-padding-right-small:0px;--awb-bg-size:cover;--awb-width-large:50%;--awb-margin-top-large:0px;--awb-spacing-right-large:3.84%;--awb-margin-bottom-large:0px;--awb-spacing-left-large:3.84%;--awb-width-medium:100%;--awb-order-medium:0;--awb-spacing-right-medium:1.92%;--awb-margin-bottom-medium:30px;--awb-spacing-left-medium:1.92%;--awb-width-small:100%;--awb-order-small:0;--awb-spacing-right-small:1.92%;--awb-margin-bottom-small:30px;--awb-spacing-left-small:1.92%;\" data-animationtype=\"slideInLeft\" data-animationduration=\"0.3\" data-animationoffset=\"top-into-view\"><div class=\"fusion-column-wrapper fusion-column-has-shadow fusion-flex-justify-content-flex-start fusion-content-layout-column\"><div class=\"fusion-slider-sc\"><div class=\"fusion-flexslider-loading flexslider fusion-aligncenter flexslider-hover-type-liftup\" data-slideshow_autoplay=\"1\" data-slideshow_smooth_height=\"0\" data-slideshow_speed=\"3000\" style=\"max-width:100%;height:100%;\"><ul class=\"slides\"><li class=\"image\"><span class=\"fusion-image-hover-element hover-type-liftup\"><img decoding=\"async\" src=\"https:\/\/mbhometal.com\/wp-content\/uploads\/portal-garaje-corte-laser.jpg\" alt=\"Portal garaje corte laser\" width=\"815\" height=\"544\" class=\"wp-image-405\" srcset=\"https:\/\/mbhometal.com\/wp-content\/uploads\/portal-garaje-corte-laser-200x133.jpg 200w, https:\/\/mbhometal.com\/wp-content\/uploads\/portal-garaje-corte-laser-400x267.jpg 400w, https:\/\/mbhometal.com\/wp-content\/uploads\/portal-garaje-corte-laser-600x400.jpg 600w, https:\/\/mbhometal.com\/wp-content\/uploads\/portal-garaje-corte-laser-800x534.jpg 800w, https:\/\/mbhometal.com\/wp-content\/uploads\/portal-garaje-corte-laser.jpg 815w\" sizes=\"(max-width: 640px) 100vw, 800px\" \/><\/span><\/li><li class=\"image\"><span class=\"fusion-image-hover-element hover-type-liftup\"><img decoding=\"async\" src=\"https:\/\/mbhometal.com\/wp-content\/uploads\/cierre-casa-metal.jpg\" alt=\"Cierre para casa en metal\" width=\"815\" height=\"544\" class=\"wp-image-408\" srcset=\"https:\/\/mbhometal.com\/wp-content\/uploads\/cierre-casa-metal-200x133.jpg 200w, https:\/\/mbhometal.com\/wp-content\/uploads\/cierre-casa-metal-400x267.jpg 400w, https:\/\/mbhometal.com\/wp-content\/uploads\/cierre-casa-metal-600x400.jpg 600w, https:\/\/mbhometal.com\/wp-content\/uploads\/cierre-casa-metal-800x534.jpg 800w, https:\/\/mbhometal.com\/wp-content\/uploads\/cierre-casa-metal.jpg 815w\" sizes=\"(max-width: 640px) 100vw, 800px\" \/><\/span><\/li><li class=\"image\"><span class=\"fusion-image-hover-element hover-type-liftup\"><img decoding=\"async\" src=\"https:\/\/mbhometal.com\/wp-content\/uploads\/cierre-casa-exterior.jpg\" width=\"815\" height=\"544\" class=\"wp-image-411\" srcset=\"https:\/\/mbhometal.com\/wp-content\/uploads\/cierre-casa-exterior-200x133.jpg 200w, https:\/\/mbhometal.com\/wp-content\/uploads\/cierre-casa-exterior-400x267.jpg 400w, https:\/\/mbhometal.com\/wp-content\/uploads\/cierre-casa-exterior-600x400.jpg 600w, https:\/\/mbhometal.com\/wp-content\/uploads\/cierre-casa-exterior-800x534.jpg 800w, https:\/\/mbhometal.com\/wp-content\/uploads\/cierre-casa-exterior.jpg 815w\" sizes=\"(max-width: 640px) 100vw, 800px\" \/><\/span><\/li><li class=\"image\"><span class=\"fusion-image-hover-element hover-type-liftup\"><img decoding=\"async\" src=\"https:\/\/mbhometal.com\/wp-content\/uploads\/portal-acero-lacado.jpg\" width=\"815\" height=\"544\" class=\"wp-image-412\" srcset=\"https:\/\/mbhometal.com\/wp-content\/uploads\/portal-acero-lacado-200x133.jpg 200w, https:\/\/mbhometal.com\/wp-content\/uploads\/portal-acero-lacado-400x267.jpg 400w, https:\/\/mbhometal.com\/wp-content\/uploads\/portal-acero-lacado-600x400.jpg 600w, https:\/\/mbhometal.com\/wp-content\/uploads\/portal-acero-lacado-800x534.jpg 800w, https:\/\/mbhometal.com\/wp-content\/uploads\/portal-acero-lacado.jpg 815w\" sizes=\"(max-width: 640px) 100vw, 800px\" \/><\/span><\/li><\/ul><\/div><\/div><div class=\"fusion-title title fusion-title-3 fusion-sep-none fusion-title-text fusion-title-size-three\"><h3 class=\"title-heading-left fusion-responsive-typography-calculated\" style=\"margin:0;--fontSize:36;line-height:var(--awb-typography1-line-height);\">Portales y cierres<\/h3><\/div><div class=\"fusion-text fusion-text-1\"><p>En nuestra carpinter\u00eda met\u00e1lica somos especialistas en la fabricaci\u00f3n e instalaci\u00f3n de portales autom\u00e1ticos y cierres de hierro e inox. Nos encargamos de adaptar el dise\u00f1o que t\u00fa elijas a cualquier ubicaci\u00f3n, ocup\u00e1ndonos de la toma de medidas, planificaci\u00f3n, dise\u00f1o, fabricaci\u00f3n e instalaci\u00f3n.<\/p>\n<\/div><div class=\"fusion-separator fusion-full-width-sep\" style=\"align-self: center;margin-left: auto;margin-right: auto;margin-top:40px;width:100%;\"><\/div><div class=\"fusion-slider-sc\"><div class=\"fusion-flexslider-loading flexslider fusion-aligncenter flexslider-hover-type-liftup\" data-slideshow_autoplay=\"1\" data-slideshow_smooth_height=\"0\" data-slideshow_speed=\"3000\" style=\"max-width:100%;height:100%;\"><ul class=\"slides\"><li class=\"image\"><span class=\"fusion-image-hover-element hover-type-liftup\"><img decoding=\"async\" src=\"https:\/\/mbhometal.com\/wp-content\/uploads\/cubierta-hierro-madera.jpg\" alt=\"Cubierta en hierro y madera\" width=\"815\" height=\"544\" class=\"wp-image-403\" srcset=\"https:\/\/mbhometal.com\/wp-content\/uploads\/cubierta-hierro-madera-200x133.jpg 200w, https:\/\/mbhometal.com\/wp-content\/uploads\/cubierta-hierro-madera-400x267.jpg 400w, https:\/\/mbhometal.com\/wp-content\/uploads\/cubierta-hierro-madera-600x400.jpg 600w, https:\/\/mbhometal.com\/wp-content\/uploads\/cubierta-hierro-madera-800x534.jpg 800w, https:\/\/mbhometal.com\/wp-content\/uploads\/cubierta-hierro-madera.jpg 815w\" sizes=\"(max-width: 640px) 100vw, 800px\" \/><\/span><\/li><li class=\"image\"><span class=\"fusion-image-hover-element hover-type-liftup\"><img decoding=\"async\" src=\"https:\/\/mbhometal.com\/wp-content\/uploads\/estructura-techo.jpg\" width=\"815\" height=\"544\" class=\"wp-image-413\" srcset=\"https:\/\/mbhometal.com\/wp-content\/uploads\/estructura-techo-200x133.jpg 200w, https:\/\/mbhometal.com\/wp-content\/uploads\/estructura-techo-400x267.jpg 400w, https:\/\/mbhometal.com\/wp-content\/uploads\/estructura-techo-600x400.jpg 600w, https:\/\/mbhometal.com\/wp-content\/uploads\/estructura-techo-800x534.jpg 800w, https:\/\/mbhometal.com\/wp-content\/uploads\/estructura-techo.jpg 815w\" sizes=\"(max-width: 640px) 100vw, 800px\" \/><\/span><\/li><\/ul><\/div><\/div><div class=\"fusion-title title fusion-title-4 fusion-sep-none fusion-title-text fusion-title-size-three\"><h3 class=\"title-heading-left fusion-responsive-typography-calculated\" style=\"margin:0;--fontSize:36;line-height:var(--awb-typography1-line-height);\">Estructuras y cubiertas<\/h3><\/div><div class=\"fusion-text fusion-text-2\"><p>Dise\u00f1amos y elaboramos estructuras met\u00e1licas a medida, as\u00ed como, cubiertas adaptadas a todo tipo de edificaciones, utilizando panel s\u00e1ndwich para un excelente aislamiento t\u00e9rmico. Rehabilitamos cubiertas que filtran agua, crean condensaci\u00f3n o simplemente deterioradas por el paso del tiempo.<\/p>\n<\/div><\/div><\/div><div class=\"fusion-layout-column fusion_builder_column fusion-builder-column-4 fusion_builder_column_1_2 1_2 fusion-flex-column fusion-animated\" style=\"--awb-padding-right:0px;--awb-padding-right-medium:0px;--awb-padding-right-small:0px;--awb-bg-size:cover;--awb-width-large:50%;--awb-margin-top-large:0px;--awb-spacing-right-large:3.84%;--awb-margin-bottom-large:0px;--awb-spacing-left-large:3.84%;--awb-width-medium:100%;--awb-order-medium:0;--awb-spacing-right-medium:1.92%;--awb-margin-bottom-medium:30px;--awb-spacing-left-medium:1.92%;--awb-width-small:100%;--awb-order-small:0;--awb-spacing-right-small:1.92%;--awb-margin-bottom-small:30px;--awb-spacing-left-small:1.92%;\" data-animationtype=\"slideInLeft\" data-animationduration=\"0.3\" data-animationoffset=\"top-into-view\"><div class=\"fusion-column-wrapper fusion-column-has-shadow fusion-flex-justify-content-flex-start fusion-content-layout-column\"><div class=\"fusion-slider-sc\"><div class=\"fusion-flexslider-loading flexslider fusion-aligncenter flexslider-hover-type-liftup\" data-slideshow_autoplay=\"1\" data-slideshow_smooth_height=\"0\" data-slideshow_speed=\"3000\" style=\"max-width:100%;height:100%;\"><ul class=\"slides\"><li class=\"image\"><span class=\"fusion-image-hover-element hover-type-liftup\"><img decoding=\"async\" src=\"https:\/\/mbhometal.com\/wp-content\/uploads\/escaleras-metalicas-vivienda.jpg\" alt=\"Escaleras met\u00e1licas para vivienda\" width=\"815\" height=\"544\" class=\"wp-image-406\" srcset=\"https:\/\/mbhometal.com\/wp-content\/uploads\/escaleras-metalicas-vivienda-200x133.jpg 200w, https:\/\/mbhometal.com\/wp-content\/uploads\/escaleras-metalicas-vivienda-400x267.jpg 400w, https:\/\/mbhometal.com\/wp-content\/uploads\/escaleras-metalicas-vivienda-600x400.jpg 600w, https:\/\/mbhometal.com\/wp-content\/uploads\/escaleras-metalicas-vivienda-800x534.jpg 800w, https:\/\/mbhometal.com\/wp-content\/uploads\/escaleras-metalicas-vivienda.jpg 815w\" sizes=\"(max-width: 640px) 100vw, 800px\" \/><\/span><\/li><\/ul><\/div><\/div><div class=\"fusion-title title fusion-title-5 fusion-sep-none fusion-title-text fusion-title-size-three\"><h3 class=\"title-heading-left fusion-responsive-typography-calculated\" style=\"margin:0;--fontSize:36;line-height:var(--awb-typography1-line-height);\">Escaleras met\u00e1licas<\/h3><\/div><div class=\"fusion-text fusion-text-3\"><p>Si est\u00e1s buscando la mejor forma de unir varias altura, tenemos la soluci\u00f3n perfecta para ti.<br \/>\nFabricamos escaleras en materiales duraderos y seguros, utilizando dise\u00f1os est\u00e1ndar o especiales, que dar\u00e1n un toque \u00fanico a tu vivienda.<\/p>\n<\/div><div class=\"fusion-separator fusion-full-width-sep\" style=\"align-self: center;margin-left: auto;margin-right: auto;margin-top:40px;width:100%;\"><\/div><div class=\"fusion-slider-sc\"><div class=\"fusion-flexslider-loading flexslider fusion-aligncenter flexslider-hover-type-liftup\" data-slideshow_autoplay=\"1\" data-slideshow_smooth_height=\"0\" data-slideshow_speed=\"3000\" style=\"max-width:100%;height:100%;\"><ul class=\"slides\"><li class=\"image\"><span class=\"fusion-image-hover-element hover-type-liftup\"><img decoding=\"async\" src=\"https:\/\/mbhometal.com\/wp-content\/uploads\/pasamano-aluminio.jpg\" alt=\"Pasamano en aluminio\" width=\"815\" height=\"544\" class=\"wp-image-397\" srcset=\"https:\/\/mbhometal.com\/wp-content\/uploads\/pasamano-aluminio-200x133.jpg 200w, https:\/\/mbhometal.com\/wp-content\/uploads\/pasamano-aluminio-400x267.jpg 400w, https:\/\/mbhometal.com\/wp-content\/uploads\/pasamano-aluminio-600x400.jpg 600w, https:\/\/mbhometal.com\/wp-content\/uploads\/pasamano-aluminio-800x534.jpg 800w, https:\/\/mbhometal.com\/wp-content\/uploads\/pasamano-aluminio.jpg 815w\" sizes=\"(max-width: 640px) 100vw, 800px\" \/><\/span><\/li><li class=\"image\"><span class=\"fusion-image-hover-element hover-type-liftup\"><img decoding=\"async\" src=\"https:\/\/mbhometal.com\/wp-content\/uploads\/barandilla-acero-calibrado.jpg\" alt=\"Barandilla en acero calibrado\" width=\"815\" height=\"544\" class=\"wp-image-410\" srcset=\"https:\/\/mbhometal.com\/wp-content\/uploads\/barandilla-acero-calibrado-200x133.jpg 200w, https:\/\/mbhometal.com\/wp-content\/uploads\/barandilla-acero-calibrado-400x267.jpg 400w, https:\/\/mbhometal.com\/wp-content\/uploads\/barandilla-acero-calibrado-600x400.jpg 600w, https:\/\/mbhometal.com\/wp-content\/uploads\/barandilla-acero-calibrado-800x534.jpg 800w, https:\/\/mbhometal.com\/wp-content\/uploads\/barandilla-acero-calibrado.jpg 815w\" sizes=\"(max-width: 640px) 100vw, 800px\" \/><\/span><\/li><li class=\"image\"><span class=\"fusion-image-hover-element hover-type-liftup\"><img decoding=\"async\" src=\"https:\/\/mbhometal.com\/wp-content\/uploads\/pasamano-casa-inox.jpg\" alt=\"Pasamano casa en Inox\" width=\"815\" height=\"544\" class=\"wp-image-415\" srcset=\"https:\/\/mbhometal.com\/wp-content\/uploads\/pasamano-casa-inox-200x133.jpg 200w, https:\/\/mbhometal.com\/wp-content\/uploads\/pasamano-casa-inox-400x267.jpg 400w, https:\/\/mbhometal.com\/wp-content\/uploads\/pasamano-casa-inox-600x400.jpg 600w, https:\/\/mbhometal.com\/wp-content\/uploads\/pasamano-casa-inox-800x534.jpg 800w, https:\/\/mbhometal.com\/wp-content\/uploads\/pasamano-casa-inox.jpg 815w\" sizes=\"(max-width: 640px) 100vw, 800px\" \/><\/span><\/li><\/ul><\/div><\/div><div class=\"fusion-title title fusion-title-6 fusion-sep-none fusion-title-text fusion-title-size-three\"><h3 class=\"title-heading-left fusion-responsive-typography-calculated\" style=\"margin:0;--fontSize:36;line-height:var(--awb-typography1-line-height);\">Pasamanos y barandillas<\/h3><\/div><div class=\"fusion-text fusion-text-4\"><p>Cuando fabricamos una terraza, balc\u00f3n o escalera met\u00e1lica, utilizamos protecciones para minimizar riesgos antes ca\u00eddas, utilizando pasamanos y barandillas en acero inoxidable y aluminio, que otorgan gran resistencia y calidad.<\/p>\n<\/div><\/div><\/div><div class=\"fusion-layout-column fusion_builder_column fusion-builder-column-5 fusion_builder_column_1_1 1_1 fusion-flex-column fusion-animated\" style=\"--awb-padding-right:0px;--awb-padding-right-medium:0px;--awb-padding-right-small:0px;--awb-bg-size:cover;--awb-width-large:100%;--awb-margin-top-large:0px;--awb-spacing-right-large:1.92%;--awb-margin-bottom-large:0px;--awb-spacing-left-large:1.92%;--awb-width-medium:100%;--awb-order-medium:0;--awb-spacing-right-medium:1.92%;--awb-margin-bottom-medium:30px;--awb-spacing-left-medium:1.92%;--awb-width-small:100%;--awb-order-small:0;--awb-spacing-right-small:1.92%;--awb-margin-bottom-small:30px;--awb-spacing-left-small:1.92%;\" data-animationtype=\"slideInLeft\" data-animationduration=\"0.3\" data-animationoffset=\"top-into-view\"><div class=\"fusion-column-wrapper fusion-column-has-shadow fusion-flex-justify-content-flex-start fusion-content-layout-column\"><div class=\"fusion-separator fusion-full-width-sep\" style=\"align-self: center;margin-left: auto;margin-right: auto;margin-top:40px;width:100%;\"><\/div><div ><a class=\"fusion-button button-flat button-xlarge button-custom fusion-button-default button-1 fusion-button-span-yes fusion-button-default-type\" style=\"--button_accent_color:var(--awb-color1);--button_accent_hover_color:var(--awb-color8);--button_border_hover_color:var(--awb-color8);--button_gradient_top_color:var(--awb-color8);--button_gradient_bottom_color:var(--awb-color8);--button_gradient_top_color_hover:var(--awb-color1);--button_gradient_bottom_color_hover:var(--awb-color1);\" target=\"_self\" href=\"https:\/\/mbhometal.com\/en\/contacto\/\"><span class=\"fusion-button-text\">Ponte en contacto con nosotros<\/span><\/a><\/div><\/div><\/div><\/div><\/div><\/p>","protected":false},"excerpt":{"rendered":"","protected":false},"author":1,"featured_media":0,"parent":0,"menu_order":0,"comment_status":"closed","ping_status":"closed","template":"100-width.php","meta":{"footnotes":""},"class_list":["post-129","page","type-page","status-publish","hentry"],"yoast_head":"<!-- This site is optimized with the Yoast SEO plugin v25.9 - https:\/\/yoast.com\/wordpress\/plugins\/seo\/ -->\n<title>Carpinter\u00eda Met\u00e1lica y de Aluminio | MBHO<\/title>\n<meta name=\"description\" content=\"En nuestra carpinter\u00eda met\u00e1lica y taller de soldadura, creamos toda clase de piezas y estructuras en hierro, aluminio, acero y forja.\" \/>\n<meta name=\"robots\" content=\"index, follow, max-snippet:-1, max-image-preview:large, max-video-preview:-1\" \/>\n<link rel=\"canonical\" href=\"https:\/\/mbhometal.com\/en\/carpinteria-metalica\/\" \/>\n<meta property=\"og:locale\" content=\"en_GB\" \/>\n<meta property=\"og:type\" content=\"article\" \/>\n<meta property=\"og:title\" content=\"Carpinter\u00eda Met\u00e1lica y de Aluminio | MBHO\" \/>\n<meta property=\"og:description\" content=\"En nuestra carpinter\u00eda met\u00e1lica y taller de soldadura, creamos toda clase de piezas y estructuras en hierro, aluminio, acero y forja.\" \/>\n<meta property=\"og:url\" content=\"https:\/\/mbhometal.com\/en\/carpinteria-metalica\/\" \/>\n<meta property=\"og:site_name\" content=\"MBHO\" \/>\n<meta property=\"article:modified_time\" content=\"2023-06-05T14:29:57+00:00\" \/>\n<meta name=\"twitter:card\" content=\"summary_large_image\" \/>\n<meta name=\"twitter:label1\" content=\"Estimated reading time\" \/>\n\t<meta name=\"twitter:data1\" content=\"6 minutes\" \/>\n<script type=\"application\/ld+json\" class=\"yoast-schema-graph\">{\"@context\":\"https:\/\/schema.org\",\"@graph\":[{\"@type\":\"WebPage\",\"@id\":\"https:\/\/mbhometal.com\/carpinteria-metalica\/\",\"url\":\"https:\/\/mbhometal.com\/carpinteria-metalica\/\",\"name\":\"Carpinter\u00eda Met\u00e1lica y de Aluminio | MBHO\",\"isPartOf\":{\"@id\":\"https:\/\/mbhometal.com\/#website\"},\"datePublished\":\"2023-05-29T16:32:20+00:00\",\"dateModified\":\"2023-06-05T14:29:57+00:00\",\"description\":\"En nuestra carpinter\u00eda met\u00e1lica y taller de soldadura, creamos toda clase de piezas y estructuras en hierro, aluminio, acero y forja.\",\"breadcrumb\":{\"@id\":\"https:\/\/mbhometal.com\/carpinteria-metalica\/#breadcrumb\"},\"inLanguage\":\"en-GB\",\"potentialAction\":[{\"@type\":\"ReadAction\",\"target\":[\"https:\/\/mbhometal.com\/carpinteria-metalica\/\"]}]},{\"@type\":\"BreadcrumbList\",\"@id\":\"https:\/\/mbhometal.com\/carpinteria-metalica\/#breadcrumb\",\"itemListElement\":[{\"@type\":\"ListItem\",\"position\":1,\"name\":\"Portada\",\"item\":\"https:\/\/mbhometal.com\/\"},{\"@type\":\"ListItem\",\"position\":2,\"name\":\"Carpinter\u00eda Met\u00e1lica\"}]},{\"@type\":\"WebSite\",\"@id\":\"https:\/\/mbhometal.com\/#website\",\"url\":\"https:\/\/mbhometal.com\/\",\"name\":\"MBHO\",\"description\":\"Carpinter\u00eda Met\u00e1lica y de Aluminio en Carnota, A Coru\u00f1a\",\"alternateName\":\"MBHO Metal\",\"potentialAction\":[{\"@type\":\"SearchAction\",\"target\":{\"@type\":\"EntryPoint\",\"urlTemplate\":\"https:\/\/mbhometal.com\/?s={search_term_string}\"},\"query-input\":{\"@type\":\"PropertyValueSpecification\",\"valueRequired\":true,\"valueName\":\"search_term_string\"}}],\"inLanguage\":\"en-GB\"}]}<\/script>\n<!-- \/ Yoast SEO plugin. -->","yoast_head_json":{"title":"Carpinter\u00eda Met\u00e1lica y de Aluminio | MBHO","description":"En nuestra carpinter\u00eda met\u00e1lica y taller de soldadura, creamos toda clase de piezas y estructuras en hierro, aluminio, acero y forja.","robots":{"index":"index","follow":"follow","max-snippet":"max-snippet:-1","max-image-preview":"max-image-preview:large","max-video-preview":"max-video-preview:-1"},"canonical":"https:\/\/mbhometal.com\/en\/carpinteria-metalica\/","og_locale":"en_GB","og_type":"article","og_title":"Carpinter\u00eda Met\u00e1lica y de Aluminio | MBHO","og_description":"En nuestra carpinter\u00eda met\u00e1lica y taller de soldadura, creamos toda clase de piezas y estructuras en hierro, aluminio, acero y forja.","og_url":"https:\/\/mbhometal.com\/en\/carpinteria-metalica\/","og_site_name":"MBHO","article_modified_time":"2023-06-05T14:29:57+00:00","twitter_card":"summary_large_image","twitter_misc":{"Estimated reading time":"6 minutes"},"schema":{"@context":"https:\/\/schema.org","@graph":[{"@type":"WebPage","@id":"https:\/\/mbhometal.com\/carpinteria-metalica\/","url":"https:\/\/mbhometal.com\/carpinteria-metalica\/","name":"Carpinter\u00eda Met\u00e1lica y de Aluminio | MBHO","isPartOf":{"@id":"https:\/\/mbhometal.com\/#website"},"datePublished":"2023-05-29T16:32:20+00:00","dateModified":"2023-06-05T14:29:57+00:00","description":"En nuestra carpinter\u00eda met\u00e1lica y taller de soldadura, creamos toda clase de piezas y estructuras en hierro, aluminio, acero y forja.","breadcrumb":{"@id":"https:\/\/mbhometal.com\/carpinteria-metalica\/#breadcrumb"},"inLanguage":"en-GB","potentialAction":[{"@type":"ReadAction","target":["https:\/\/mbhometal.com\/carpinteria-metalica\/"]}]},{"@type":"BreadcrumbList","@id":"https:\/\/mbhometal.com\/carpinteria-metalica\/#breadcrumb","itemListElement":[{"@type":"ListItem","position":1,"name":"Portada","item":"https:\/\/mbhometal.com\/"},{"@type":"ListItem","position":2,"name":"Carpinter\u00eda Met\u00e1lica"}]},{"@type":"WebSite","@id":"https:\/\/mbhometal.com\/#website","url":"https:\/\/mbhometal.com\/","name":"MBHO","description":"Carpinter\u00eda Met\u00e1lica y de Aluminio en Carnota, A Coru\u00f1a","alternateName":"MBHO Metal","potentialAction":[{"@type":"SearchAction","target":{"@type":"EntryPoint","urlTemplate":"https:\/\/mbhometal.com\/?s={search_term_string}"},"query-input":{"@type":"PropertyValueSpecification","valueRequired":true,"valueName":"search_term_string"}}],"inLanguage":"en-GB"}]}},"_links":{"self":[{"href":"https:\/\/mbhometal.com\/en\/wp-json\/wp\/v2\/pages\/129","targetHints":{"allow":["GET"]}}],"collection":[{"href":"https:\/\/mbhometal.com\/en\/wp-json\/wp\/v2\/pages"}],"about":[{"href":"https:\/\/mbhometal.com\/en\/wp-json\/wp\/v2\/types\/page"}],"author":[{"embeddable":true,"href":"https:\/\/mbhometal.com\/en\/wp-json\/wp\/v2\/users\/1"}],"replies":[{"embeddable":true,"href":"https:\/\/mbhometal.com\/en\/wp-json\/wp\/v2\/comments?post=129"}],"version-history":[{"count":16,"href":"https:\/\/mbhometal.com\/en\/wp-json\/wp\/v2\/pages\/129\/revisions"}],"predecessor-version":[{"id":420,"href":"https:\/\/mbhometal.com\/en\/wp-json\/wp\/v2\/pages\/129\/revisions\/420"}],"wp:attachment":[{"href":"https:\/\/mbhometal.com\/en\/wp-json\/wp\/v2\/media?parent=129"}],"curies":[{"name":"wp","href":"https:\/\/api.w.org\/{rel}","templated":true}]}}