{"id":297,"date":"2023-05-31T15:10:42","date_gmt":"2023-05-31T14:10:42","guid":{"rendered":"https:\/\/mbhometal.com\/?page_id=297"},"modified":"2023-05-31T15:34:44","modified_gmt":"2023-05-31T14:34:44","slug":"mapa-del-sitio","status":"publish","type":"page","link":"https:\/\/mbhometal.com\/en\/mapa-del-sitio\/","title":{"rendered":"Mapa del Sitio"},"content":{"rendered":"<div class=\"fusion-fullwidth fullwidth-box fusion-builder-row-1 fusion-flex-container has-pattern-background has-mask-background nonhundred-percent-fullwidth non-hundred-percent-height-scrolling\" style=\"--awb-border-radius-top-left:0px;--awb-border-radius-top-right:0px;--awb-border-radius-bottom-right:0px;--awb-border-radius-bottom-left:0px;\" ><div class=\"fusion-builder-row fusion-row fusion-flex-align-items-flex-start\" style=\"max-width:1430px;margin-left: calc(-4% \/ 2 );margin-right: calc(-4% \/ 2 );\"><div class=\"fusion-layout-column fusion_builder_column fusion-builder-column-0 fusion_builder_column_1_1 1_1 fusion-flex-column\" style=\"--awb-bg-size:cover;--awb-width-large:100%;--awb-margin-top-large:0px;--awb-spacing-right-large:1.92%;--awb-margin-bottom-large:0px;--awb-spacing-left-large:1.92%;--awb-width-medium:100%;--awb-order-medium:0;--awb-spacing-right-medium:1.92%;--awb-spacing-left-medium:1.92%;--awb-width-small:100%;--awb-order-small:0;--awb-spacing-right-small:1.92%;--awb-spacing-left-small:1.92%;\"><div class=\"fusion-column-wrapper fusion-column-has-shadow fusion-flex-justify-content-flex-start fusion-content-layout-column\"><nav class=\"awb-menu awb-menu_column awb-menu_em-hover mobile-mode-collapse-to-button awb-menu_icons-left awb-menu_dc-yes mobile-trigger-fullwidth-off awb-menu_mobile-toggle awb-menu_indent-left mobile-size-full-absolute loading mega-menu-loading awb-menu_desktop awb-menu_dropdown awb-menu_expand-right awb-menu_transition-fade\" style=\"--awb-main-justify-content:flex-start;--awb-mobile-justify:flex-start;--awb-mobile-caret-left:auto;--awb-mobile-caret-right:0;--awb-fusion-font-family-typography:inherit;--awb-fusion-font-style-typography:normal;--awb-fusion-font-weight-typography:400;--awb-fusion-font-family-submenu-typography:inherit;--awb-fusion-font-style-submenu-typography:normal;--awb-fusion-font-weight-submenu-typography:400;--awb-fusion-font-family-mobile-typography:inherit;--awb-fusion-font-style-mobile-typography:normal;--awb-fusion-font-weight-mobile-typography:400;\" aria-label=\"Men\u00fa Principal\" data-breakpoint=\"1024\" data-count=\"0\" data-transition-type=\"fade\" data-transition-time=\"300\"><button type=\"button\" class=\"awb-menu__m-toggle awb-menu__m-toggle_no-text\" aria-expanded=\"false\" aria-controls=\"menu-menu-principal\"><span class=\"awb-menu__m-toggle-inner\"><span class=\"collapsed-nav-text\"><span class=\"screen-reader-text\">Toggle Navigation<\/span><\/span><span class=\"awb-menu__m-collapse-icon awb-menu__m-collapse-icon_no-text\"><span class=\"awb-menu__m-collapse-icon-open awb-menu__m-collapse-icon-open_no-text fa-bars fas\"><\/span><span class=\"awb-menu__m-collapse-icon-close awb-menu__m-collapse-icon-close_no-text fa-times fas\"><\/span><\/span><\/span><\/button><ul id=\"menu-menu-principal\" class=\"fusion-menu awb-menu__main-ul awb-menu__main-ul_column\"><li  id=\"menu-item-31\"  class=\"menu-item menu-item-type-post_type menu-item-object-page menu-item-home menu-item-31 awb-menu__li awb-menu__main-li awb-menu__main-li_regular\"  data-item-id=\"31\"><span class=\"awb-menu__main-background-default awb-menu__main-background-default_fade\"><\/span><span class=\"awb-menu__main-background-active awb-menu__main-background-active_fade\"><\/span><a  href=\"https:\/\/mbhometal.com\/en\/\" class=\"awb-menu__main-a awb-menu__main-a_regular\"><span class=\"menu-text\">Inicio<\/span><\/a><\/li><li  id=\"menu-item-134\"  class=\"menu-item menu-item-type-post_type menu-item-object-page menu-item-134 awb-menu__li awb-menu__main-li awb-menu__main-li_regular\"  data-item-id=\"134\"><span class=\"awb-menu__main-background-default awb-menu__main-background-default_fade\"><\/span><span class=\"awb-menu__main-background-active awb-menu__main-background-active_fade\"><\/span><a  href=\"https:\/\/mbhometal.com\/en\/empresa\/\" class=\"awb-menu__main-a awb-menu__main-a_regular\"><span class=\"menu-text\">Empresa<\/span><\/a><\/li><li  id=\"menu-item-131\"  class=\"menu-item menu-item-type-post_type menu-item-object-page menu-item-131 awb-menu__li awb-menu__main-li awb-menu__main-li_regular\"  data-item-id=\"131\"><span class=\"awb-menu__main-background-default awb-menu__main-background-default_fade\"><\/span><span class=\"awb-menu__main-background-active awb-menu__main-background-active_fade\"><\/span><a  href=\"https:\/\/mbhometal.com\/en\/carpinteria-metalica\/\" class=\"awb-menu__main-a awb-menu__main-a_regular\"><span class=\"menu-text\">Carpinter\u00eda Met\u00e1lica<\/span><\/a><\/li><li  id=\"menu-item-109\"  class=\"menu-item menu-item-type-post_type menu-item-object-page menu-item-109 awb-menu__li awb-menu__main-li awb-menu__main-li_regular\"  data-item-id=\"109\"><span class=\"awb-menu__main-background-default awb-menu__main-background-default_fade\"><\/span><span class=\"awb-menu__main-background-active awb-menu__main-background-active_fade\"><\/span><a  href=\"https:\/\/mbhometal.com\/en\/barbacoas\/\" class=\"awb-menu__main-a awb-menu__main-a_regular\"><span class=\"menu-text\">Barbacoas<\/span><\/a><\/li><li  id=\"menu-item-115\"  class=\"menu-item menu-item-type-post_type menu-item-object-page menu-item-115 awb-menu__li awb-menu__main-li awb-menu__main-li_regular\"  data-item-id=\"115\"><span class=\"awb-menu__main-background-default awb-menu__main-background-default_fade\"><\/span><span class=\"awb-menu__main-background-active awb-menu__main-background-active_fade\"><\/span><a  href=\"https:\/\/mbhometal.com\/en\/canalones\/\" class=\"awb-menu__main-a awb-menu__main-a_regular\"><span class=\"menu-text\">Canalones<\/span><\/a><\/li><li  id=\"menu-item-112\"  class=\"menu-item menu-item-type-post_type menu-item-object-page menu-item-112 awb-menu__li awb-menu__main-li awb-menu__main-li_regular\"  data-item-id=\"112\"><span class=\"awb-menu__main-background-default awb-menu__main-background-default_fade\"><\/span><span class=\"awb-menu__main-background-active awb-menu__main-background-active_fade\"><\/span><a  href=\"https:\/\/mbhometal.com\/en\/contacto\/\" class=\"awb-menu__main-a awb-menu__main-a_regular\"><span class=\"menu-text\">Contacto<\/span><\/a><\/li><\/ul><\/nav><nav class=\"awb-menu awb-menu_column awb-menu_em-hover mobile-mode-collapse-to-button awb-menu_icons-left awb-menu_dc-yes mobile-trigger-fullwidth-off awb-menu_mobile-toggle awb-menu_indent-left mobile-size-full-absolute loading mega-menu-loading awb-menu_desktop awb-menu_dropdown awb-menu_expand-right awb-menu_transition-fade\" style=\"--awb-main-justify-content:flex-start;--awb-mobile-justify:flex-start;--awb-mobile-caret-left:auto;--awb-mobile-caret-right:0;--awb-fusion-font-family-typography:inherit;--awb-fusion-font-style-typography:normal;--awb-fusion-font-weight-typography:400;--awb-fusion-font-family-submenu-typography:inherit;--awb-fusion-font-style-submenu-typography:normal;--awb-fusion-font-weight-submenu-typography:400;--awb-fusion-font-family-mobile-typography:inherit;--awb-fusion-font-style-mobile-typography:normal;--awb-fusion-font-weight-mobile-typography:400;\" aria-label=\"Inferior\" data-breakpoint=\"1024\" data-count=\"1\" data-transition-type=\"fade\" data-transition-time=\"300\"><button type=\"button\" class=\"awb-menu__m-toggle awb-menu__m-toggle_no-text\" aria-expanded=\"false\" aria-controls=\"menu-inferior\"><span class=\"awb-menu__m-toggle-inner\"><span class=\"collapsed-nav-text\"><span class=\"screen-reader-text\">Toggle Navigation<\/span><\/span><span class=\"awb-menu__m-collapse-icon awb-menu__m-collapse-icon_no-text\"><span class=\"awb-menu__m-collapse-icon-open awb-menu__m-collapse-icon-open_no-text fa-bars fas\"><\/span><span class=\"awb-menu__m-collapse-icon-close awb-menu__m-collapse-icon-close_no-text fa-times fas\"><\/span><\/span><\/span><\/button><ul id=\"menu-inferior\" class=\"fusion-menu awb-menu__main-ul awb-menu__main-ul_column\"><li  id=\"menu-item-282\"  class=\"menu-item menu-item-type-post_type menu-item-object-page menu-item-282 awb-menu__li awb-menu__main-li awb-menu__main-li_regular\"  data-item-id=\"282\"><span class=\"awb-menu__main-background-default awb-menu__main-background-default_fade\"><\/span><span class=\"awb-menu__main-background-active awb-menu__main-background-active_fade\"><\/span><a  href=\"https:\/\/mbhometal.com\/en\/aviso-legal\/\" class=\"awb-menu__main-a awb-menu__main-a_regular\"><span class=\"menu-text\">Aviso Legal<\/span><\/a><\/li><li  id=\"menu-item-295\"  class=\"menu-item menu-item-type-post_type menu-item-object-page menu-item-privacy-policy menu-item-295 awb-menu__li awb-menu__main-li awb-menu__main-li_regular\"  data-item-id=\"295\"><span class=\"awb-menu__main-background-default awb-menu__main-background-default_fade\"><\/span><span class=\"awb-menu__main-background-active awb-menu__main-background-active_fade\"><\/span><a  href=\"https:\/\/mbhometal.com\/en\/politica-de-privacidad\/\" class=\"awb-menu__main-a awb-menu__main-a_regular\"><span class=\"menu-text\">Pol\u00edtica de Privacidad<\/span><\/a><\/li><li  id=\"menu-item-296\"  class=\"menu-item menu-item-type-post_type menu-item-object-page menu-item-296 awb-menu__li awb-menu__main-li awb-menu__main-li_regular\"  data-item-id=\"296\"><span class=\"awb-menu__main-background-default awb-menu__main-background-default_fade\"><\/span><span class=\"awb-menu__main-background-active awb-menu__main-background-active_fade\"><\/span><a  href=\"https:\/\/mbhometal.com\/en\/politica-de-cookies\/\" class=\"awb-menu__main-a awb-menu__main-a_regular\"><span class=\"menu-text\">Pol\u00edtica de Cookies<\/span><\/a><\/li><li  id=\"menu-item-302\"  class=\"menu-item menu-item-type-post_type menu-item-object-page menu-item-302 awb-menu__li awb-menu__main-li awb-menu__main-li_regular\"  data-item-id=\"302\"><span class=\"awb-menu__main-background-default awb-menu__main-background-default_fade\"><\/span><span class=\"awb-menu__main-background-active awb-menu__main-background-active_fade\"><\/span><a  href=\"https:\/\/mbhometal.com\/en\/mapa-del-sitio\/\" class=\"awb-menu__main-a awb-menu__main-a_regular\"><span class=\"menu-text\">Mapa del Sitio<\/span><\/a><\/li><li  id=\"menu-item-301\"  class=\"menu-item menu-item-type-post_type menu-item-object-page menu-item-301 awb-menu__li awb-menu__main-li awb-menu__main-li_regular\"  data-item-id=\"301\"><span class=\"awb-menu__main-background-default awb-menu__main-background-default_fade\"><\/span><span class=\"awb-menu__main-background-active awb-menu__main-background-active_fade\"><\/span><a  href=\"https:\/\/mbhometal.com\/en\/accesibilidad\/\" class=\"awb-menu__main-a awb-menu__main-a_regular\"><span class=\"menu-text\">Accesibilidad<\/span><\/a><\/li><\/ul><\/nav><\/div><\/div><\/div><\/div>","protected":false},"excerpt":{"rendered":"","protected":false},"author":1,"featured_media":0,"parent":0,"menu_order":0,"comment_status":"closed","ping_status":"closed","template":"100-width.php","meta":{"footnotes":""},"class_list":["post-297","page","type-page","status-publish","hentry"],"yoast_head":"<!-- This site is optimized with the Yoast SEO plugin v25.9 - https:\/\/yoast.com\/wordpress\/plugins\/seo\/ -->\n<title>Mapa del Sitio | MBHO<\/title>\n<meta name=\"robots\" content=\"noindex, follow\" \/>\n<meta property=\"og:locale\" content=\"en_GB\" \/>\n<meta property=\"og:type\" content=\"article\" \/>\n<meta property=\"og:title\" content=\"Mapa del Sitio | MBHO\" \/>\n<meta property=\"og:url\" content=\"https:\/\/mbhometal.com\/en\/mapa-del-sitio\/\" \/>\n<meta property=\"og:site_name\" content=\"MBHO\" \/>\n<meta property=\"article:modified_time\" content=\"2023-05-31T14:34:44+00:00\" \/>\n<meta name=\"twitter:card\" content=\"summary_large_image\" \/>\n<meta name=\"twitter:label1\" content=\"Estimated reading time\" \/>\n\t<meta name=\"twitter:data1\" content=\"3 minutes\" \/>\n<script type=\"application\/ld+json\" class=\"yoast-schema-graph\">{\"@context\":\"https:\/\/schema.org\",\"@graph\":[{\"@type\":\"WebPage\",\"@id\":\"https:\/\/mbhometal.com\/mapa-del-sitio\/\",\"url\":\"https:\/\/mbhometal.com\/mapa-del-sitio\/\",\"name\":\"Mapa del Sitio | MBHO\",\"isPartOf\":{\"@id\":\"https:\/\/mbhometal.com\/#website\"},\"datePublished\":\"2023-05-31T14:10:42+00:00\",\"dateModified\":\"2023-05-31T14:34:44+00:00\",\"breadcrumb\":{\"@id\":\"https:\/\/mbhometal.com\/mapa-del-sitio\/#breadcrumb\"},\"inLanguage\":\"en-GB\",\"potentialAction\":[{\"@type\":\"ReadAction\",\"target\":[\"https:\/\/mbhometal.com\/mapa-del-sitio\/\"]}]},{\"@type\":\"BreadcrumbList\",\"@id\":\"https:\/\/mbhometal.com\/mapa-del-sitio\/#breadcrumb\",\"itemListElement\":[{\"@type\":\"ListItem\",\"position\":1,\"name\":\"Portada\",\"item\":\"https:\/\/mbhometal.com\/\"},{\"@type\":\"ListItem\",\"position\":2,\"name\":\"Mapa del Sitio\"}]},{\"@type\":\"WebSite\",\"@id\":\"https:\/\/mbhometal.com\/#website\",\"url\":\"https:\/\/mbhometal.com\/\",\"name\":\"MBHO\",\"description\":\"Carpinter\u00eda Met\u00e1lica y de Aluminio en Carnota, A Coru\u00f1a\",\"alternateName\":\"MBHO Metal\",\"potentialAction\":[{\"@type\":\"SearchAction\",\"target\":{\"@type\":\"EntryPoint\",\"urlTemplate\":\"https:\/\/mbhometal.com\/?s={search_term_string}\"},\"query-input\":{\"@type\":\"PropertyValueSpecification\",\"valueRequired\":true,\"valueName\":\"search_term_string\"}}],\"inLanguage\":\"en-GB\"}]}<\/script>\n<!-- \/ Yoast SEO plugin. -->","yoast_head_json":{"title":"Mapa del Sitio | MBHO","robots":{"index":"noindex","follow":"follow"},"og_locale":"en_GB","og_type":"article","og_title":"Mapa del Sitio | MBHO","og_url":"https:\/\/mbhometal.com\/en\/mapa-del-sitio\/","og_site_name":"MBHO","article_modified_time":"2023-05-31T14:34:44+00:00","twitter_card":"summary_large_image","twitter_misc":{"Estimated reading time":"3 minutes"},"schema":{"@context":"https:\/\/schema.org","@graph":[{"@type":"WebPage","@id":"https:\/\/mbhometal.com\/mapa-del-sitio\/","url":"https:\/\/mbhometal.com\/mapa-del-sitio\/","name":"Mapa del Sitio | MBHO","isPartOf":{"@id":"https:\/\/mbhometal.com\/#website"},"datePublished":"2023-05-31T14:10:42+00:00","dateModified":"2023-05-31T14:34:44+00:00","breadcrumb":{"@id":"https:\/\/mbhometal.com\/mapa-del-sitio\/#breadcrumb"},"inLanguage":"en-GB","potentialAction":[{"@type":"ReadAction","target":["https:\/\/mbhometal.com\/mapa-del-sitio\/"]}]},{"@type":"BreadcrumbList","@id":"https:\/\/mbhometal.com\/mapa-del-sitio\/#breadcrumb","itemListElement":[{"@type":"ListItem","position":1,"name":"Portada","item":"https:\/\/mbhometal.com\/"},{"@type":"ListItem","position":2,"name":"Mapa del Sitio"}]},{"@type":"WebSite","@id":"https:\/\/mbhometal.com\/#website","url":"https:\/\/mbhometal.com\/","name":"MBHO","description":"Carpinter\u00eda Met\u00e1lica y de Aluminio en Carnota, A Coru\u00f1a","alternateName":"MBHO Metal","potentialAction":[{"@type":"SearchAction","target":{"@type":"EntryPoint","urlTemplate":"https:\/\/mbhometal.com\/?s={search_term_string}"},"query-input":{"@type":"PropertyValueSpecification","valueRequired":true,"valueName":"search_term_string"}}],"inLanguage":"en-GB"}]}},"_links":{"self":[{"href":"https:\/\/mbhometal.com\/en\/wp-json\/wp\/v2\/pages\/297","targetHints":{"allow":["GET"]}}],"collection":[{"href":"https:\/\/mbhometal.com\/en\/wp-json\/wp\/v2\/pages"}],"about":[{"href":"https:\/\/mbhometal.com\/en\/wp-json\/wp\/v2\/types\/page"}],"author":[{"embeddable":true,"href":"https:\/\/mbhometal.com\/en\/wp-json\/wp\/v2\/users\/1"}],"replies":[{"embeddable":true,"href":"https:\/\/mbhometal.com\/en\/wp-json\/wp\/v2\/comments?post=297"}],"version-history":[{"count":2,"href":"https:\/\/mbhometal.com\/en\/wp-json\/wp\/v2\/pages\/297\/revisions"}],"predecessor-version":[{"id":308,"href":"https:\/\/mbhometal.com\/en\/wp-json\/wp\/v2\/pages\/297\/revisions\/308"}],"wp:attachment":[{"href":"https:\/\/mbhometal.com\/en\/wp-json\/wp\/v2\/media?parent=297"}],"curies":[{"name":"wp","href":"https:\/\/api.w.org\/{rel}","templated":true}]}}